{"id":706,"date":"2017-11-05T04:08:15","date_gmt":"2017-11-05T04:08:15","guid":{"rendered":"https:\/\/clubztutoring.com\/nickp\/v2\/?page_id=706"},"modified":"2021-02-08T15:50:15","modified_gmt":"2021-02-08T15:50:15","slug":"sat-test-prep-tutoring","status":"publish","type":"page","link":"https:\/\/clubztutoring.com\/antalya\/test-prep\/sat-test-prep-tutoring\/","title":{"rendered":"SAT"},"content":{"rendered":"<h1>SAT TEST HAZIRLIK PROGRAMI ANTALYA\u2019DA<\/h1>\n<p>Club Z! e\u011fitmenleri &nbsp;ile Online SAT Test Haz\u0131rl\u0131k Program\u0131; SAT Matematik, SAT Okuma ve SAT Dilbigisi\/Yazma s\u0131navlar\u0131nda puanlar\u0131n\u0131z\u0131 art\u0131rmay\u0131 hedeflemektedir.<\/p>\n","protected":false},"excerpt":{"rendered":"<p>Club Z! SAT Test Haz\u0131rl\u0131k Program\u0131 ile, SAT test tarihinde kendinizi g\u00fcvende hissetmenize yard\u0131mc\u0131 olacakt\u0131r. Club Z! SAT e\u011fitmenleri ortalama olarak puanlar\u0131n\u0131z\u0131 160 puan art\u0131rman\u0131za yard\u0131mc\u0131 olacakt\u0131r. Club Z!  ile size yak\u0131n bir \u015fekilde \u00e7al\u0131\u015fabilecek ve SAT  s\u0131nav\u0131na d\u00fczg\u00fcn bir \u015fekilde haz\u0131rlanman\u0131za yard\u0131mc\u0131 olabilecek, alan\u0131nda uzman bir SAT e\u011fitmeni garantisini vermektedir.  Ayn\u0131 zamanda  \u00f6\u011frencilerimiz i\u00e7in bir\u00e7ok SAT  s\u0131nav\u0131  haz\u0131rl\u0131k se\u00e7ene\u011fi sunuyoruz.<\/p>\n","protected":false},"author":1,"featured_media":413,"parent":280,"menu_order":62,"comment_status":"closed","ping_status":"closed","template":"template-tutor-inner.php","meta":{"_acf_changed":false,"footnotes":""},"class_list":["post-706","page","type-page","status-publish","has-post-thumbnail","hentry","wpautop"],"acf":[],"yoast_head":"<!-- This site is optimized with the Yoast SEO plugin v27.3 - https:\/\/yoast.com\/product\/yoast-seo-wordpress\/ -->\n<title>In Home &amp; Online SAT Test Prep Tutoring - Club Z! Tutoring of Antalya, TR<\/title>\n<meta name=\"description\" content=\"Club Z! Tutoring of Antalya, TR, provides In Home &amp; Online SAT Test Prep Tutoring. Club Z! Tutoring of Antalya, SAT Test Prep Tutoring Program will help you feel confident on your SAT test date. Our office also provides SAT tutoring in the following locations Belek, Konakli, Alanya, and Lara Beach.\" \/>\n<meta name=\"robots\" content=\"index, follow, max-snippet:-1, max-image-preview:large, max-video-preview:-1\" \/>\n<link rel=\"canonical\" href=\"https:\/\/clubztutoring.com\/antalya\/test-prep\/sat-test-prep-tutoring\/\" \/>\n<meta property=\"og:locale\" content=\"en_US\" \/>\n<meta property=\"og:type\" content=\"article\" \/>\n<meta property=\"og:title\" content=\"In Home &amp; Online SAT Test Prep Tutoring - Club Z! Tutoring of Antalya, TR\" \/>\n<meta property=\"og:description\" content=\"Club Z! Tutoring of Antalya, TR, provides In Home &amp; Online SAT Test Prep Tutoring. Club Z! Tutoring of Antalya, SAT Test Prep Tutoring Program will help you feel confident on your SAT test date. Our office also provides SAT tutoring in the following locations Belek, Konakli, Alanya, and Lara Beach.\" \/>\n<meta property=\"og:url\" content=\"https:\/\/clubztutoring.com\/antalya\/test-prep\/sat-test-prep-tutoring\/\" \/>\n<meta property=\"og:site_name\" content=\"Club Z! Tutoring of Antalya, Turkey\" \/>\n<meta property=\"article:modified_time\" content=\"2021-02-08T15:50:15+00:00\" \/>\n<meta property=\"og:image\" content=\"https:\/\/clubztutoring.com\/antalya\/wp-content\/uploads\/sites\/897\/2017\/10\/slider-banner.jpg\" \/>\n\t<meta property=\"og:image:width\" content=\"1920\" \/>\n\t<meta property=\"og:image:height\" content=\"750\" \/>\n\t<meta property=\"og:image:type\" content=\"image\/jpeg\" \/>\n<meta name=\"twitter:card\" content=\"summary_large_image\" \/>\n<script type=\"application\/ld+json\" class=\"yoast-schema-graph\">{\"@context\":\"https:\\\/\\\/schema.org\",\"@graph\":[{\"@type\":\"WebPage\",\"@id\":\"https:\\\/\\\/clubztutoring.com\\\/antalya\\\/test-prep\\\/sat-test-prep-tutoring\\\/\",\"url\":\"https:\\\/\\\/clubztutoring.com\\\/antalya\\\/test-prep\\\/sat-test-prep-tutoring\\\/\",\"name\":\"In Home & Online SAT Test Prep Tutoring - Club Z! Tutoring of Antalya, TR\",\"isPartOf\":{\"@id\":\"https:\\\/\\\/clubztutoring.com\\\/antalya\\\/#website\"},\"primaryImageOfPage\":{\"@id\":\"https:\\\/\\\/clubztutoring.com\\\/antalya\\\/test-prep\\\/sat-test-prep-tutoring\\\/#primaryimage\"},\"image\":{\"@id\":\"https:\\\/\\\/clubztutoring.com\\\/antalya\\\/test-prep\\\/sat-test-prep-tutoring\\\/#primaryimage\"},\"thumbnailUrl\":\"https:\\\/\\\/clubztutoring.com\\\/antalya\\\/wp-content\\\/uploads\\\/sites\\\/897\\\/2017\\\/10\\\/slider-banner.jpg\",\"datePublished\":\"2017-11-05T04:08:15+00:00\",\"dateModified\":\"2021-02-08T15:50:15+00:00\",\"description\":\"Club Z! Tutoring of Antalya, TR, provides In Home & Online SAT Test Prep Tutoring. Club Z! Tutoring of Antalya, SAT Test Prep Tutoring Program will help you feel confident on your SAT test date. Our office also provides SAT tutoring in the following locations Belek, Konakli, Alanya, and Lara Beach.\",\"breadcrumb\":{\"@id\":\"https:\\\/\\\/clubztutoring.com\\\/antalya\\\/test-prep\\\/sat-test-prep-tutoring\\\/#breadcrumb\"},\"inLanguage\":\"en-US\",\"potentialAction\":[{\"@type\":\"ReadAction\",\"target\":[\"https:\\\/\\\/clubztutoring.com\\\/antalya\\\/test-prep\\\/sat-test-prep-tutoring\\\/\"]}]},{\"@type\":\"ImageObject\",\"inLanguage\":\"en-US\",\"@id\":\"https:\\\/\\\/clubztutoring.com\\\/antalya\\\/test-prep\\\/sat-test-prep-tutoring\\\/#primaryimage\",\"url\":\"https:\\\/\\\/clubztutoring.com\\\/antalya\\\/wp-content\\\/uploads\\\/sites\\\/897\\\/2017\\\/10\\\/slider-banner.jpg\",\"contentUrl\":\"https:\\\/\\\/clubztutoring.com\\\/antalya\\\/wp-content\\\/uploads\\\/sites\\\/897\\\/2017\\\/10\\\/slider-banner.jpg\",\"width\":1920,\"height\":750,\"caption\":\"In Home & Online Tutoring of Antalya, TR.\"},{\"@type\":\"BreadcrumbList\",\"@id\":\"https:\\\/\\\/clubztutoring.com\\\/antalya\\\/test-prep\\\/sat-test-prep-tutoring\\\/#breadcrumb\",\"itemListElement\":[{\"@type\":\"ListItem\",\"position\":1,\"name\":\"Home\",\"item\":\"https:\\\/\\\/clubztutoring.com\\\/antalya\\\/\"},{\"@type\":\"ListItem\",\"position\":2,\"name\":\"Test Prep\",\"item\":\"https:\\\/\\\/clubztutoring.com\\\/antalya\\\/test-prep\\\/\"},{\"@type\":\"ListItem\",\"position\":3,\"name\":\"SAT\"}]},{\"@type\":\"WebSite\",\"@id\":\"https:\\\/\\\/clubztutoring.com\\\/antalya\\\/#website\",\"url\":\"https:\\\/\\\/clubztutoring.com\\\/antalya\\\/\",\"name\":\"Club Z! Tutoring of Antalya, Turkey\",\"description\":\"\",\"potentialAction\":[{\"@type\":\"SearchAction\",\"target\":{\"@type\":\"EntryPoint\",\"urlTemplate\":\"https:\\\/\\\/clubztutoring.com\\\/antalya\\\/?s={search_term_string}\"},\"query-input\":{\"@type\":\"PropertyValueSpecification\",\"valueRequired\":true,\"valueName\":\"search_term_string\"}}],\"inLanguage\":\"en-US\"}]}<\/script>\n<!-- \/ Yoast SEO plugin. -->","yoast_head_json":{"title":"In Home & Online SAT Test Prep Tutoring - Club Z! Tutoring of Antalya, TR","description":"Club Z! Tutoring of Antalya, TR, provides In Home & Online SAT Test Prep Tutoring. Club Z! Tutoring of Antalya, SAT Test Prep Tutoring Program will help you feel confident on your SAT test date. Our office also provides SAT tutoring in the following locations Belek, Konakli, Alanya, and Lara Beach.","robots":{"index":"index","follow":"follow","max-snippet":"max-snippet:-1","max-image-preview":"max-image-preview:large","max-video-preview":"max-video-preview:-1"},"canonical":"https:\/\/clubztutoring.com\/antalya\/test-prep\/sat-test-prep-tutoring\/","og_locale":"en_US","og_type":"article","og_title":"In Home & Online SAT Test Prep Tutoring - Club Z! Tutoring of Antalya, TR","og_description":"Club Z! Tutoring of Antalya, TR, provides In Home & Online SAT Test Prep Tutoring. Club Z! Tutoring of Antalya, SAT Test Prep Tutoring Program will help you feel confident on your SAT test date. Our office also provides SAT tutoring in the following locations Belek, Konakli, Alanya, and Lara Beach.","og_url":"https:\/\/clubztutoring.com\/antalya\/test-prep\/sat-test-prep-tutoring\/","og_site_name":"Club Z! Tutoring of Antalya, Turkey","article_modified_time":"2021-02-08T15:50:15+00:00","og_image":[{"width":1920,"height":750,"url":"https:\/\/clubztutoring.com\/antalya\/wp-content\/uploads\/sites\/897\/2017\/10\/slider-banner.jpg","type":"image\/jpeg"}],"twitter_card":"summary_large_image","schema":{"@context":"https:\/\/schema.org","@graph":[{"@type":"WebPage","@id":"https:\/\/clubztutoring.com\/antalya\/test-prep\/sat-test-prep-tutoring\/","url":"https:\/\/clubztutoring.com\/antalya\/test-prep\/sat-test-prep-tutoring\/","name":"In Home & Online SAT Test Prep Tutoring - Club Z! Tutoring of Antalya, TR","isPartOf":{"@id":"https:\/\/clubztutoring.com\/antalya\/#website"},"primaryImageOfPage":{"@id":"https:\/\/clubztutoring.com\/antalya\/test-prep\/sat-test-prep-tutoring\/#primaryimage"},"image":{"@id":"https:\/\/clubztutoring.com\/antalya\/test-prep\/sat-test-prep-tutoring\/#primaryimage"},"thumbnailUrl":"https:\/\/clubztutoring.com\/antalya\/wp-content\/uploads\/sites\/897\/2017\/10\/slider-banner.jpg","datePublished":"2017-11-05T04:08:15+00:00","dateModified":"2021-02-08T15:50:15+00:00","description":"Club Z! Tutoring of Antalya, TR, provides In Home & Online SAT Test Prep Tutoring. Club Z! Tutoring of Antalya, SAT Test Prep Tutoring Program will help you feel confident on your SAT test date. Our office also provides SAT tutoring in the following locations Belek, Konakli, Alanya, and Lara Beach.","breadcrumb":{"@id":"https:\/\/clubztutoring.com\/antalya\/test-prep\/sat-test-prep-tutoring\/#breadcrumb"},"inLanguage":"en-US","potentialAction":[{"@type":"ReadAction","target":["https:\/\/clubztutoring.com\/antalya\/test-prep\/sat-test-prep-tutoring\/"]}]},{"@type":"ImageObject","inLanguage":"en-US","@id":"https:\/\/clubztutoring.com\/antalya\/test-prep\/sat-test-prep-tutoring\/#primaryimage","url":"https:\/\/clubztutoring.com\/antalya\/wp-content\/uploads\/sites\/897\/2017\/10\/slider-banner.jpg","contentUrl":"https:\/\/clubztutoring.com\/antalya\/wp-content\/uploads\/sites\/897\/2017\/10\/slider-banner.jpg","width":1920,"height":750,"caption":"In Home & Online Tutoring of Antalya, TR."},{"@type":"BreadcrumbList","@id":"https:\/\/clubztutoring.com\/antalya\/test-prep\/sat-test-prep-tutoring\/#breadcrumb","itemListElement":[{"@type":"ListItem","position":1,"name":"Home","item":"https:\/\/clubztutoring.com\/antalya\/"},{"@type":"ListItem","position":2,"name":"Test Prep","item":"https:\/\/clubztutoring.com\/antalya\/test-prep\/"},{"@type":"ListItem","position":3,"name":"SAT"}]},{"@type":"WebSite","@id":"https:\/\/clubztutoring.com\/antalya\/#website","url":"https:\/\/clubztutoring.com\/antalya\/","name":"Club Z! Tutoring of Antalya, Turkey","description":"","potentialAction":[{"@type":"SearchAction","target":{"@type":"EntryPoint","urlTemplate":"https:\/\/clubztutoring.com\/antalya\/?s={search_term_string}"},"query-input":{"@type":"PropertyValueSpecification","valueRequired":true,"valueName":"search_term_string"}}],"inLanguage":"en-US"}]}},"_links":{"self":[{"href":"https:\/\/clubztutoring.com\/antalya\/wp-json\/wp\/v2\/pages\/706","targetHints":{"allow":["GET"]}}],"collection":[{"href":"https:\/\/clubztutoring.com\/antalya\/wp-json\/wp\/v2\/pages"}],"about":[{"href":"https:\/\/clubztutoring.com\/antalya\/wp-json\/wp\/v2\/types\/page"}],"author":[{"embeddable":true,"href":"https:\/\/clubztutoring.com\/antalya\/wp-json\/wp\/v2\/users\/1"}],"replies":[{"embeddable":true,"href":"https:\/\/clubztutoring.com\/antalya\/wp-json\/wp\/v2\/comments?post=706"}],"version-history":[{"count":0,"href":"https:\/\/clubztutoring.com\/antalya\/wp-json\/wp\/v2\/pages\/706\/revisions"}],"up":[{"embeddable":true,"href":"https:\/\/clubztutoring.com\/antalya\/wp-json\/wp\/v2\/pages\/280"}],"wp:featuredmedia":[{"embeddable":true,"href":"https:\/\/clubztutoring.com\/antalya\/wp-json\/wp\/v2\/media\/413"}],"wp:attachment":[{"href":"https:\/\/clubztutoring.com\/antalya\/wp-json\/wp\/v2\/media?parent=706"}],"curies":[{"name":"wp","href":"https:\/\/api.w.org\/{rel}","templated":true}]}}