{"id":714,"date":"2017-11-05T04:08:15","date_gmt":"2017-11-05T04:08:15","guid":{"rendered":"https:\/\/clubztutoring.com\/nickp\/v2\/?page_id=714"},"modified":"2021-02-08T15:49:33","modified_gmt":"2021-02-08T15:49:33","slug":"act-test-prep-tutoring","status":"publish","type":"page","link":"https:\/\/clubztutoring.com\/antalya\/test-prep\/act-test-prep-tutoring\/","title":{"rendered":"ACT"},"content":{"rendered":"<h1>ACT S\u0131nav Haz\u0131rl\u0131k Program\u0131<\/h1>\n<h3 style=\"color: white;\">E\u011fer sizin de yurtd\u0131\u015f\u0131 e\u011fitiminizi Amerika \u2018da alma hayaliniz var ise CLUB Z her ad\u0131m\u0131n\u0131zda sizlerle\u2026<\/h3>\n<p>ACT S\u0131nav\u0131 Haz\u0131rl\u0131k Program\u0131nda; alan\u0131nda uzmanla\u015fm\u0131\u015f, sizlere %100 ba\u015far\u0131 garantisini veren tamam\u0131 Amerikal\u0131 e\u011fitmenlerimizle son teknoloji alt yap\u0131m\u0131zla evinizin konforunda diledi\u011finiz g\u00fcn ve saatlerde sizlere hizmet vermekteyiz.<\/p>\n","protected":false},"excerpt":{"rendered":"<p>Club Z! ile, online ACT \u00f6\u011fretmenlerimizden  ola\u011fan\u00fcst\u00fc bir ACT Haz\u0131rl\u0131k  Program\u0131 alacaks\u0131n\u0131z. ACT ders uzmanlar\u0131m\u0131z,  sizleri ACT testlerine ve derslerine haz\u0131rlamak i\u00e7in \u00f6zenle se\u00e7ilmi\u015f ve alan\u0131nda uzman e\u011fitmenlerdir  ve ba\u015far\u0131l\u0131 olman\u0131z i\u00e7in sizlere  yard\u0131mc\u0131 olmaktan mutluluk duyacaklard\u0131r.  Club Z!  \u00f6\u011frencilerin ACT puan  ortalamalar\u0131n\u0131n  artmas\u0131n\u0131 sa\u011flayacakt\u0131r.<\/p>\n","protected":false},"author":1,"featured_media":301,"parent":280,"menu_order":61,"comment_status":"closed","ping_status":"closed","template":"template-tutor-inner.php","meta":{"_acf_changed":false,"footnotes":""},"class_list":["post-714","page","type-page","status-publish","has-post-thumbnail","hentry","wpautop"],"acf":[],"yoast_head":"<!-- This site is optimized with the Yoast SEO plugin v27.3 - https:\/\/yoast.com\/product\/yoast-seo-wordpress\/ -->\n<title>In Home &amp; Online ACT Test Prep Tutoring - Club Z! Tutoring of Antalya, TR<\/title>\n<meta name=\"description\" content=\"Club Z! Tutoring of Antalya, TR, provides In Home &amp; Online ACT Test Prep Tutoring. Club Z! Tutoring of Antalya, ACT tutoring professionals are well trained in ACT Test Preparation and ACT tutoring. Our office also provides ACT tutoring in the following locations Belek, Konakli, Alanya, and Lara Beach.\" \/>\n<meta name=\"robots\" content=\"index, follow, max-snippet:-1, max-image-preview:large, max-video-preview:-1\" \/>\n<link rel=\"canonical\" href=\"https:\/\/clubztutoring.com\/antalya\/test-prep\/act-test-prep-tutoring\/\" \/>\n<meta property=\"og:locale\" content=\"en_US\" \/>\n<meta property=\"og:type\" content=\"article\" \/>\n<meta property=\"og:title\" content=\"In Home &amp; Online ACT Test Prep Tutoring - Club Z! Tutoring of Antalya, TR\" \/>\n<meta property=\"og:description\" content=\"Club Z! Tutoring of Antalya, TR, provides In Home &amp; Online ACT Test Prep Tutoring. Club Z! Tutoring of Antalya, ACT tutoring professionals are well trained in ACT Test Preparation and ACT tutoring. Our office also provides ACT tutoring in the following locations Belek, Konakli, Alanya, and Lara Beach.\" \/>\n<meta property=\"og:url\" content=\"https:\/\/clubztutoring.com\/antalya\/test-prep\/act-test-prep-tutoring\/\" \/>\n<meta property=\"og:site_name\" content=\"Club Z! Tutoring of Antalya, Turkey\" \/>\n<meta property=\"article:modified_time\" content=\"2021-02-08T15:49:33+00:00\" \/>\n<meta property=\"og:image\" content=\"https:\/\/clubztutoring.com\/antalya\/wp-content\/uploads\/sites\/897\/2017\/11\/slider-banner.jpg\" \/>\n\t<meta property=\"og:image:width\" content=\"1920\" \/>\n\t<meta property=\"og:image:height\" content=\"750\" \/>\n\t<meta property=\"og:image:type\" content=\"image\/jpeg\" \/>\n<meta name=\"twitter:card\" content=\"summary_large_image\" \/>\n<script type=\"application\/ld+json\" class=\"yoast-schema-graph\">{\"@context\":\"https:\\\/\\\/schema.org\",\"@graph\":[{\"@type\":\"WebPage\",\"@id\":\"https:\\\/\\\/clubztutoring.com\\\/antalya\\\/test-prep\\\/act-test-prep-tutoring\\\/\",\"url\":\"https:\\\/\\\/clubztutoring.com\\\/antalya\\\/test-prep\\\/act-test-prep-tutoring\\\/\",\"name\":\"In Home & Online ACT Test Prep Tutoring - Club Z! Tutoring of Antalya, TR\",\"isPartOf\":{\"@id\":\"https:\\\/\\\/clubztutoring.com\\\/antalya\\\/#website\"},\"primaryImageOfPage\":{\"@id\":\"https:\\\/\\\/clubztutoring.com\\\/antalya\\\/test-prep\\\/act-test-prep-tutoring\\\/#primaryimage\"},\"image\":{\"@id\":\"https:\\\/\\\/clubztutoring.com\\\/antalya\\\/test-prep\\\/act-test-prep-tutoring\\\/#primaryimage\"},\"thumbnailUrl\":\"https:\\\/\\\/clubztutoring.com\\\/antalya\\\/wp-content\\\/uploads\\\/sites\\\/897\\\/2017\\\/11\\\/slider-banner.jpg\",\"datePublished\":\"2017-11-05T04:08:15+00:00\",\"dateModified\":\"2021-02-08T15:49:33+00:00\",\"description\":\"Club Z! Tutoring of Antalya, TR, provides In Home & Online ACT Test Prep Tutoring. Club Z! Tutoring of Antalya, ACT tutoring professionals are well trained in ACT Test Preparation and ACT tutoring. Our office also provides ACT tutoring in the following locations Belek, Konakli, Alanya, and Lara Beach.\",\"breadcrumb\":{\"@id\":\"https:\\\/\\\/clubztutoring.com\\\/antalya\\\/test-prep\\\/act-test-prep-tutoring\\\/#breadcrumb\"},\"inLanguage\":\"en-US\",\"potentialAction\":[{\"@type\":\"ReadAction\",\"target\":[\"https:\\\/\\\/clubztutoring.com\\\/antalya\\\/test-prep\\\/act-test-prep-tutoring\\\/\"]}]},{\"@type\":\"ImageObject\",\"inLanguage\":\"en-US\",\"@id\":\"https:\\\/\\\/clubztutoring.com\\\/antalya\\\/test-prep\\\/act-test-prep-tutoring\\\/#primaryimage\",\"url\":\"https:\\\/\\\/clubztutoring.com\\\/antalya\\\/wp-content\\\/uploads\\\/sites\\\/897\\\/2017\\\/11\\\/slider-banner.jpg\",\"contentUrl\":\"https:\\\/\\\/clubztutoring.com\\\/antalya\\\/wp-content\\\/uploads\\\/sites\\\/897\\\/2017\\\/11\\\/slider-banner.jpg\",\"width\":1920,\"height\":750,\"caption\":\"In Home Tutoring & Online Tutoring of\"},{\"@type\":\"BreadcrumbList\",\"@id\":\"https:\\\/\\\/clubztutoring.com\\\/antalya\\\/test-prep\\\/act-test-prep-tutoring\\\/#breadcrumb\",\"itemListElement\":[{\"@type\":\"ListItem\",\"position\":1,\"name\":\"Home\",\"item\":\"https:\\\/\\\/clubztutoring.com\\\/antalya\\\/\"},{\"@type\":\"ListItem\",\"position\":2,\"name\":\"Test Prep\",\"item\":\"https:\\\/\\\/clubztutoring.com\\\/antalya\\\/test-prep\\\/\"},{\"@type\":\"ListItem\",\"position\":3,\"name\":\"ACT\"}]},{\"@type\":\"WebSite\",\"@id\":\"https:\\\/\\\/clubztutoring.com\\\/antalya\\\/#website\",\"url\":\"https:\\\/\\\/clubztutoring.com\\\/antalya\\\/\",\"name\":\"Club Z! Tutoring of Antalya, Turkey\",\"description\":\"\",\"potentialAction\":[{\"@type\":\"SearchAction\",\"target\":{\"@type\":\"EntryPoint\",\"urlTemplate\":\"https:\\\/\\\/clubztutoring.com\\\/antalya\\\/?s={search_term_string}\"},\"query-input\":{\"@type\":\"PropertyValueSpecification\",\"valueRequired\":true,\"valueName\":\"search_term_string\"}}],\"inLanguage\":\"en-US\"}]}<\/script>\n<!-- \/ Yoast SEO plugin. -->","yoast_head_json":{"title":"In Home & Online ACT Test Prep Tutoring - Club Z! Tutoring of Antalya, TR","description":"Club Z! Tutoring of Antalya, TR, provides In Home & Online ACT Test Prep Tutoring. Club Z! Tutoring of Antalya, ACT tutoring professionals are well trained in ACT Test Preparation and ACT tutoring. Our office also provides ACT tutoring in the following locations Belek, Konakli, Alanya, and Lara Beach.","robots":{"index":"index","follow":"follow","max-snippet":"max-snippet:-1","max-image-preview":"max-image-preview:large","max-video-preview":"max-video-preview:-1"},"canonical":"https:\/\/clubztutoring.com\/antalya\/test-prep\/act-test-prep-tutoring\/","og_locale":"en_US","og_type":"article","og_title":"In Home & Online ACT Test Prep Tutoring - Club Z! Tutoring of Antalya, TR","og_description":"Club Z! Tutoring of Antalya, TR, provides In Home & Online ACT Test Prep Tutoring. Club Z! Tutoring of Antalya, ACT tutoring professionals are well trained in ACT Test Preparation and ACT tutoring. Our office also provides ACT tutoring in the following locations Belek, Konakli, Alanya, and Lara Beach.","og_url":"https:\/\/clubztutoring.com\/antalya\/test-prep\/act-test-prep-tutoring\/","og_site_name":"Club Z! Tutoring of Antalya, Turkey","article_modified_time":"2021-02-08T15:49:33+00:00","og_image":[{"width":1920,"height":750,"url":"https:\/\/clubztutoring.com\/antalya\/wp-content\/uploads\/sites\/897\/2017\/11\/slider-banner.jpg","type":"image\/jpeg"}],"twitter_card":"summary_large_image","schema":{"@context":"https:\/\/schema.org","@graph":[{"@type":"WebPage","@id":"https:\/\/clubztutoring.com\/antalya\/test-prep\/act-test-prep-tutoring\/","url":"https:\/\/clubztutoring.com\/antalya\/test-prep\/act-test-prep-tutoring\/","name":"In Home & Online ACT Test Prep Tutoring - Club Z! Tutoring of Antalya, TR","isPartOf":{"@id":"https:\/\/clubztutoring.com\/antalya\/#website"},"primaryImageOfPage":{"@id":"https:\/\/clubztutoring.com\/antalya\/test-prep\/act-test-prep-tutoring\/#primaryimage"},"image":{"@id":"https:\/\/clubztutoring.com\/antalya\/test-prep\/act-test-prep-tutoring\/#primaryimage"},"thumbnailUrl":"https:\/\/clubztutoring.com\/antalya\/wp-content\/uploads\/sites\/897\/2017\/11\/slider-banner.jpg","datePublished":"2017-11-05T04:08:15+00:00","dateModified":"2021-02-08T15:49:33+00:00","description":"Club Z! Tutoring of Antalya, TR, provides In Home & Online ACT Test Prep Tutoring. Club Z! Tutoring of Antalya, ACT tutoring professionals are well trained in ACT Test Preparation and ACT tutoring. Our office also provides ACT tutoring in the following locations Belek, Konakli, Alanya, and Lara Beach.","breadcrumb":{"@id":"https:\/\/clubztutoring.com\/antalya\/test-prep\/act-test-prep-tutoring\/#breadcrumb"},"inLanguage":"en-US","potentialAction":[{"@type":"ReadAction","target":["https:\/\/clubztutoring.com\/antalya\/test-prep\/act-test-prep-tutoring\/"]}]},{"@type":"ImageObject","inLanguage":"en-US","@id":"https:\/\/clubztutoring.com\/antalya\/test-prep\/act-test-prep-tutoring\/#primaryimage","url":"https:\/\/clubztutoring.com\/antalya\/wp-content\/uploads\/sites\/897\/2017\/11\/slider-banner.jpg","contentUrl":"https:\/\/clubztutoring.com\/antalya\/wp-content\/uploads\/sites\/897\/2017\/11\/slider-banner.jpg","width":1920,"height":750,"caption":"In Home Tutoring & Online Tutoring of"},{"@type":"BreadcrumbList","@id":"https:\/\/clubztutoring.com\/antalya\/test-prep\/act-test-prep-tutoring\/#breadcrumb","itemListElement":[{"@type":"ListItem","position":1,"name":"Home","item":"https:\/\/clubztutoring.com\/antalya\/"},{"@type":"ListItem","position":2,"name":"Test Prep","item":"https:\/\/clubztutoring.com\/antalya\/test-prep\/"},{"@type":"ListItem","position":3,"name":"ACT"}]},{"@type":"WebSite","@id":"https:\/\/clubztutoring.com\/antalya\/#website","url":"https:\/\/clubztutoring.com\/antalya\/","name":"Club Z! Tutoring of Antalya, Turkey","description":"","potentialAction":[{"@type":"SearchAction","target":{"@type":"EntryPoint","urlTemplate":"https:\/\/clubztutoring.com\/antalya\/?s={search_term_string}"},"query-input":{"@type":"PropertyValueSpecification","valueRequired":true,"valueName":"search_term_string"}}],"inLanguage":"en-US"}]}},"_links":{"self":[{"href":"https:\/\/clubztutoring.com\/antalya\/wp-json\/wp\/v2\/pages\/714","targetHints":{"allow":["GET"]}}],"collection":[{"href":"https:\/\/clubztutoring.com\/antalya\/wp-json\/wp\/v2\/pages"}],"about":[{"href":"https:\/\/clubztutoring.com\/antalya\/wp-json\/wp\/v2\/types\/page"}],"author":[{"embeddable":true,"href":"https:\/\/clubztutoring.com\/antalya\/wp-json\/wp\/v2\/users\/1"}],"replies":[{"embeddable":true,"href":"https:\/\/clubztutoring.com\/antalya\/wp-json\/wp\/v2\/comments?post=714"}],"version-history":[{"count":0,"href":"https:\/\/clubztutoring.com\/antalya\/wp-json\/wp\/v2\/pages\/714\/revisions"}],"up":[{"embeddable":true,"href":"https:\/\/clubztutoring.com\/antalya\/wp-json\/wp\/v2\/pages\/280"}],"wp:featuredmedia":[{"embeddable":true,"href":"https:\/\/clubztutoring.com\/antalya\/wp-json\/wp\/v2\/media\/301"}],"wp:attachment":[{"href":"https:\/\/clubztutoring.com\/antalya\/wp-json\/wp\/v2\/media?parent=714"}],"curies":[{"name":"wp","href":"https:\/\/api.w.org\/{rel}","templated":true}]}}